{"id":252,"date":"2017-01-24T12:04:52","date_gmt":"2017-01-24T12:04:52","guid":{"rendered":"http:\/\/blekhonnun.is\/fornleifafelag\/?page_id=252"},"modified":"2017-01-24T12:04:52","modified_gmt":"2017-01-24T12:04:52","slug":"einstok-verkefni","status":"publish","type":"page","link":"http:\/\/fornleifafelag.is\/?page_id=252","title":{"rendered":"Einst\u00f6k verkefni"},"content":{"rendered":"<div class=\"subcat_linklist\"><a href=\"\/fornleifafelag\/einstok-verkefni\/thingey\/\">\u00deingey <\/a><\/div>\n<div class=\"subcat_linklist\"><a href=\"\/fornleifafelag\/einstok-verkefni\/skuldathingsey\/\">Skulda\u00feingsey <\/a><\/div>\n<div class=\"subcat_linklist\"><a href=\"\/fornleifafelag\/einstok-verkefni\/thegjandadalur\/\">\u00deegjandadalur <\/a><\/div>\n<div class=\"subcat_linklist\"><a href=\"\/fornleifafelag\/einstok-verkefni\/forn-gardlog-a-narfastodum\/\">Forn gar\u00f0l\u00f6g \u00e1 Narfast\u00f6\u00f0um <\/a><\/div>\n<div class=\"subcat_linklist\"><a href=\"\/fornleifafelag\/einstok-verkefni\/litlu-nupar-i-adaldal\/\">Litlu-N\u00fapar \u00ed A\u00f0aldal <\/a><\/div>\n<div class=\"subcat_linklist\"><a href=\"\/fornleifafelag\/einstok-verkefni\/ytra-gerdi-a-narfastodum\/\">Ytra-Ger\u00f0i \u00e1 Narfast\u00f6\u00f0um <\/a><\/div>\n<div class=\"subcat_linklist\"><a href=\"\/fornleifafelag\/einstok-verkefni\/narfastadasel-fornleifarannsoknir-2008\/\">Narfasta\u00f0asel &#8211; fornleifaranns\u00f3knir 2008<\/a><\/div>\n","protected":false},"excerpt":{"rendered":"<p>\u00deingey Skulda\u00feingsey \u00deegjandadalur Forn gar\u00f0l\u00f6g \u00e1 Narfast\u00f6\u00f0um Litlu-N\u00fapar \u00ed A\u00f0aldal Ytra-Ger\u00f0i \u00e1 Narfast\u00f6\u00f0um Narfasta\u00f0asel &#8211; fornleifaranns\u00f3knir 2008<\/p>\n","protected":false},"author":3,"featured_media":0,"parent":0,"menu_order":0,"comment_status":"closed","ping_status":"closed","template":"","meta":[],"_links":{"self":[{"href":"http:\/\/fornleifafelag.is\/index.php?rest_route=\/wp\/v2\/pages\/252"}],"collection":[{"href":"http:\/\/fornleifafelag.is\/index.php?rest_route=\/wp\/v2\/pages"}],"about":[{"href":"http:\/\/fornleifafelag.is\/index.php?rest_route=\/wp\/v2\/types\/page"}],"author":[{"embeddable":true,"href":"http:\/\/fornleifafelag.is\/index.php?rest_route=\/wp\/v2\/users\/3"}],"replies":[{"embeddable":true,"href":"http:\/\/fornleifafelag.is\/index.php?rest_route=%2Fwp%2Fv2%2Fcomments&post=252"}],"version-history":[{"count":0,"href":"http:\/\/fornleifafelag.is\/index.php?rest_route=\/wp\/v2\/pages\/252\/revisions"}],"wp:attachment":[{"href":"http:\/\/fornleifafelag.is\/index.php?rest_route=%2Fwp%2Fv2%2Fmedia&parent=252"}],"curies":[{"name":"wp","href":"https:\/\/api.w.org\/{rel}","templated":true}]}}