{"id":332,"date":"2017-01-24T12:48:12","date_gmt":"2017-01-24T12:48:12","guid":{"rendered":"http:\/\/blekhonnun.is\/fornleifafelag\/?page_id=332"},"modified":"2017-03-27T20:39:30","modified_gmt":"2017-03-27T20:39:30","slug":"stjorn","status":"publish","type":"page","link":"http:\/\/fornleifafelag.is\/?page_id=332","title":{"rendered":"Stj\u00f3rn"},"content":{"rendered":"<div id=\"main_cont\">\n<p>Stj\u00f3rn H\u00deF 2016 &#8211; 2017<\/p>\n<p>Unnsteinn Ingason \u00deingeyjarsveit\u00a0 unnsteinn@farmhotel.is<\/p>\n<p>Halld\u00f3r Valdimarsson\u00a0 H\u00fasav\u00edk<\/p>\n<p>\u00c1sgeir B\u00f6\u00f0varsson H\u00fasav\u00edk<\/p>\n<\/div>\n","protected":false},"excerpt":{"rendered":"<p>Stj\u00f3rn H\u00deF 2016 &#8211; 2017 Unnsteinn Ingason \u00deingeyjarsveit\u00a0 unnsteinn@farmhotel.is Halld\u00f3r Valdimarsson\u00a0 H\u00fasav\u00edk \u00c1sgeir B\u00f6\u00f0varsson H\u00fasav\u00edk<\/p>\n","protected":false},"author":3,"featured_media":0,"parent":355,"menu_order":0,"comment_status":"closed","ping_status":"closed","template":"","meta":[],"_links":{"self":[{"href":"http:\/\/fornleifafelag.is\/index.php?rest_route=\/wp\/v2\/pages\/332"}],"collection":[{"href":"http:\/\/fornleifafelag.is\/index.php?rest_route=\/wp\/v2\/pages"}],"about":[{"href":"http:\/\/fornleifafelag.is\/index.php?rest_route=\/wp\/v2\/types\/page"}],"author":[{"embeddable":true,"href":"http:\/\/fornleifafelag.is\/index.php?rest_route=\/wp\/v2\/users\/3"}],"replies":[{"embeddable":true,"href":"http:\/\/fornleifafelag.is\/index.php?rest_route=%2Fwp%2Fv2%2Fcomments&post=332"}],"version-history":[{"count":2,"href":"http:\/\/fornleifafelag.is\/index.php?rest_route=\/wp\/v2\/pages\/332\/revisions"}],"predecessor-version":[{"id":399,"href":"http:\/\/fornleifafelag.is\/index.php?rest_route=\/wp\/v2\/pages\/332\/revisions\/399"}],"up":[{"embeddable":true,"href":"http:\/\/fornleifafelag.is\/index.php?rest_route=\/wp\/v2\/pages\/355"}],"wp:attachment":[{"href":"http:\/\/fornleifafelag.is\/index.php?rest_route=%2Fwp%2Fv2%2Fmedia&parent=332"}],"curies":[{"name":"wp","href":"https:\/\/api.w.org\/{rel}","templated":true}]}}